{"id":7,"date":"2021-08-25T14:51:00","date_gmt":"2021-08-25T14:51:00","guid":{"rendered":"https:\/\/animaliafarma.com.br\/sitenovo\/?page_id=7"},"modified":"2026-03-19T09:43:00","modified_gmt":"2026-03-19T12:43:00","slug":"home","status":"publish","type":"page","link":"https:\/\/animaliafarma.com.br\/br\/","title":{"rendered":"Home"},"content":{"rendered":"\t\t<div data-elementor-type=\"wp-page\" data-elementor-id=\"7\" class=\"elementor elementor-7\" data-elementor-post-type=\"page\">\n\t\t\t\t<div class=\"elementor-element elementor-element-873fd77 e-con-full e-flex e-con e-parent\" data-id=\"873fd77\" data-element_type=\"container\" data-e-type=\"container\">\n\t\t\t\t<div class=\"elementor-element elementor-element-83856d0 elementor-widget__width-inherit elementor-arrows-position-inside elementor-widget elementor-widget-image-carousel\" data-id=\"83856d0\" data-element_type=\"widget\" data-e-type=\"widget\" data-settings=\"{&quot;slides_to_show&quot;:&quot;1&quot;,&quot;navigation&quot;:&quot;arrows&quot;,&quot;autoplay&quot;:&quot;yes&quot;,&quot;pause_on_hover&quot;:&quot;yes&quot;,&quot;pause_on_interaction&quot;:&quot;yes&quot;,&quot;autoplay_speed&quot;:5000,&quot;infinite&quot;:&quot;yes&quot;,&quot;effect&quot;:&quot;slide&quot;,&quot;speed&quot;:500}\" data-widget_type=\"image-carousel.default\">\n\t\t\t\t\t\t\t<div class=\"elementor-image-carousel-wrapper swiper\" role=\"region\" aria-roledescription=\"carousel\" aria-label=\"Carrossel de imagens\" dir=\"ltr\">\n\t\t\t<div class=\"elementor-image-carousel swiper-wrapper\" aria-live=\"off\">\n\t\t\t\t\t\t\t\t<div class=\"swiper-slide\" role=\"group\" aria-roledescription=\"slide\" aria-label=\"1 de 7\"><a data-elementor-open-lightbox=\"yes\" data-elementor-lightbox-slideshow=\"83856d0\" data-elementor-lightbox-title=\"banner-site-animalia.jpg\" data-e-action-hash=\"#elementor-action%3Aaction%3Dlightbox%26settings%3DeyJpZCI6MjkzMywidXJsIjoiaHR0cHM6XC9cL2FuaW1hbGlhZmFybWEuY29tLmJyXC9iclwvd3AtY29udGVudFwvdXBsb2Fkc1wvMjAyNlwvMDNcL2Jhbm5lci1zaXRlLWFuaW1hbGlhLmpwZy1zY2FsZWQuanBlZyIsInNsaWRlc2hvdyI6IjgzODU2ZDAifQ%3D%3D\" href=\"https:\/\/animaliafarma.com.br\/br\/franquia\/\" target=\"_blank\"><figure class=\"swiper-slide-inner\"><img decoding=\"async\" class=\"swiper-slide-image\" src=\"https:\/\/animaliafarma.com.br\/br\/wp-content\/uploads\/2026\/03\/banner-site-animalia.jpg-scaled.jpeg\" alt=\"banner-site-animalia.jpg\" \/><\/figure><\/a><\/div><div class=\"swiper-slide\" role=\"group\" aria-roledescription=\"slide\" aria-label=\"2 de 7\"><a data-elementor-open-lightbox=\"yes\" data-elementor-lightbox-slideshow=\"83856d0\" data-elementor-lightbox-title=\"banners-site-animalia\" data-e-action-hash=\"#elementor-action%3Aaction%3Dlightbox%26settings%3DeyJpZCI6Mjg1NCwidXJsIjoiaHR0cHM6XC9cL2FuaW1hbGlhZmFybWEuY29tLmJyXC9iclwvd3AtY29udGVudFwvdXBsb2Fkc1wvMjAyNVwvMTBcL2Jhbm5lcnMtc2l0ZS1hbmltYWxpYS5qcGciLCJzbGlkZXNob3ciOiI4Mzg1NmQwIn0%3D\" href=\"https:\/\/animaliafarma.com.br\/br\/franquia\/\" target=\"_blank\"><figure class=\"swiper-slide-inner\"><img decoding=\"async\" class=\"swiper-slide-image\" src=\"https:\/\/animaliafarma.com.br\/br\/wp-content\/uploads\/2025\/10\/banners-site-animalia.jpg\" alt=\"banners-site-animalia\" \/><\/figure><\/a><\/div><div class=\"swiper-slide\" role=\"group\" aria-roledescription=\"slide\" aria-label=\"3 de 7\"><a data-elementor-open-lightbox=\"yes\" data-elementor-lightbox-slideshow=\"83856d0\" data-elementor-lightbox-title=\"banner3\" data-e-action-hash=\"#elementor-action%3Aaction%3Dlightbox%26settings%3DeyJpZCI6MjU3MCwidXJsIjoiaHR0cHM6XC9cL2FuaW1hbGlhZmFybWEuY29tLmJyXC9iclwvd3AtY29udGVudFwvdXBsb2Fkc1wvMjAyM1wvMTBcL2Jhbm5lcjMuanBnIiwic2xpZGVzaG93IjoiODM4NTZkMCJ9\" href=\"https:\/\/animaliafarma.com.br\/br\/franquia\/\" target=\"_blank\"><figure class=\"swiper-slide-inner\"><img decoding=\"async\" class=\"swiper-slide-image\" src=\"https:\/\/animaliafarma.com.br\/br\/wp-content\/uploads\/2023\/10\/banner3.jpg\" alt=\"banner3\" \/><\/figure><\/a><\/div><div class=\"swiper-slide\" role=\"group\" aria-roledescription=\"slide\" aria-label=\"4 de 7\"><a data-elementor-open-lightbox=\"yes\" data-elementor-lightbox-slideshow=\"83856d0\" data-elementor-lightbox-title=\"banner4\" data-e-action-hash=\"#elementor-action%3Aaction%3Dlightbox%26settings%3DeyJpZCI6MjU3MSwidXJsIjoiaHR0cHM6XC9cL2FuaW1hbGlhZmFybWEuY29tLmJyXC9iclwvd3AtY29udGVudFwvdXBsb2Fkc1wvMjAyM1wvMTBcL2Jhbm5lcjQuanBnIiwic2xpZGVzaG93IjoiODM4NTZkMCJ9\" href=\"https:\/\/animaliafarma.com.br\/br\/franquia\/\" target=\"_blank\"><figure class=\"swiper-slide-inner\"><img decoding=\"async\" class=\"swiper-slide-image\" src=\"https:\/\/animaliafarma.com.br\/br\/wp-content\/uploads\/2023\/10\/banner4.jpg\" alt=\"banner4\" \/><\/figure><\/a><\/div><div class=\"swiper-slide\" role=\"group\" aria-roledescription=\"slide\" aria-label=\"5 de 7\"><a data-elementor-open-lightbox=\"yes\" data-elementor-lightbox-slideshow=\"83856d0\" data-elementor-lightbox-title=\"banner5\" data-e-action-hash=\"#elementor-action%3Aaction%3Dlightbox%26settings%3DeyJpZCI6MjU3MiwidXJsIjoiaHR0cHM6XC9cL2FuaW1hbGlhZmFybWEuY29tLmJyXC9iclwvd3AtY29udGVudFwvdXBsb2Fkc1wvMjAyM1wvMTBcL2Jhbm5lcjUuanBnIiwic2xpZGVzaG93IjoiODM4NTZkMCJ9\" href=\"https:\/\/animaliafarma.com.br\/br\/franquia\/\" target=\"_blank\"><figure class=\"swiper-slide-inner\"><img decoding=\"async\" class=\"swiper-slide-image\" src=\"https:\/\/animaliafarma.com.br\/br\/wp-content\/uploads\/2023\/10\/banner5.jpg\" alt=\"banner5\" \/><\/figure><\/a><\/div><div class=\"swiper-slide\" role=\"group\" aria-roledescription=\"slide\" aria-label=\"6 de 7\"><a data-elementor-open-lightbox=\"yes\" data-elementor-lightbox-slideshow=\"83856d0\" data-elementor-lightbox-title=\"banner6\" data-e-action-hash=\"#elementor-action%3Aaction%3Dlightbox%26settings%3DeyJpZCI6MjU3MywidXJsIjoiaHR0cHM6XC9cL2FuaW1hbGlhZmFybWEuY29tLmJyXC9iclwvd3AtY29udGVudFwvdXBsb2Fkc1wvMjAyM1wvMTBcL2Jhbm5lcjYuanBnIiwic2xpZGVzaG93IjoiODM4NTZkMCJ9\" href=\"https:\/\/animaliafarma.com.br\/br\/franquia\/\" target=\"_blank\"><figure class=\"swiper-slide-inner\"><img decoding=\"async\" class=\"swiper-slide-image\" src=\"https:\/\/animaliafarma.com.br\/br\/wp-content\/uploads\/2023\/10\/banner6.jpg\" alt=\"banner6\" \/><\/figure><\/a><\/div><div class=\"swiper-slide\" role=\"group\" aria-roledescription=\"slide\" aria-label=\"7 de 7\"><a data-elementor-open-lightbox=\"yes\" data-elementor-lightbox-slideshow=\"83856d0\" data-elementor-lightbox-title=\"banner7\" data-e-action-hash=\"#elementor-action%3Aaction%3Dlightbox%26settings%3DeyJpZCI6MjU3NCwidXJsIjoiaHR0cHM6XC9cL2FuaW1hbGlhZmFybWEuY29tLmJyXC9iclwvd3AtY29udGVudFwvdXBsb2Fkc1wvMjAyM1wvMTBcL2Jhbm5lcjcuanBnIiwic2xpZGVzaG93IjoiODM4NTZkMCJ9\" href=\"https:\/\/animaliafarma.com.br\/br\/franquia\/\" target=\"_blank\"><figure class=\"swiper-slide-inner\"><img decoding=\"async\" class=\"swiper-slide-image\" src=\"https:\/\/animaliafarma.com.br\/br\/wp-content\/uploads\/2023\/10\/banner7.jpg\" alt=\"banner7\" \/><\/figure><\/a><\/div>\t\t\t<\/div>\n\t\t\t\t\t\t\t\t\t\t\t\t<div class=\"elementor-swiper-button elementor-swiper-button-prev\" role=\"button\" tabindex=\"0\">\n\t\t\t\t\t\t<svg aria-hidden=\"true\" class=\"e-font-icon-svg e-eicon-chevron-left\" viewBox=\"0 0 1000 1000\" xmlns=\"http:\/\/www.w3.org\/2000\/svg\"><path d=\"M646 125C629 125 613 133 604 142L308 442C296 454 292 471 292 487 292 504 296 521 308 533L604 854C617 867 629 875 646 875 663 875 679 871 692 858 704 846 713 829 713 812 713 796 708 779 692 767L438 487 692 225C700 217 708 204 708 187 708 171 704 154 692 142 675 129 663 125 646 125Z\"><\/path><\/svg>\t\t\t\t\t<\/div>\n\t\t\t\t\t<div class=\"elementor-swiper-button elementor-swiper-button-next\" role=\"button\" tabindex=\"0\">\n\t\t\t\t\t\t<svg aria-hidden=\"true\" class=\"e-font-icon-svg e-eicon-chevron-right\" viewBox=\"0 0 1000 1000\" xmlns=\"http:\/\/www.w3.org\/2000\/svg\"><path d=\"M696 533C708 521 713 504 713 487 713 471 708 454 696 446L400 146C388 133 375 125 354 125 338 125 325 129 313 142 300 154 292 171 292 187 292 204 296 221 308 233L563 492 304 771C292 783 288 800 288 817 288 833 296 850 308 863 321 871 338 875 354 875 371 875 388 867 400 854L696 533Z\"><\/path><\/svg>\t\t\t\t\t<\/div>\n\t\t\t\t\n\t\t\t\t\t\t\t\t\t<\/div>\n\t\t\t\t\t\t<\/div>\n\t\t\t\t<\/div>\n\t\t\t\t<section class=\"elementor-section elementor-top-section elementor-element elementor-element-c616564 elementor-section-full_width elementor-section-height-min-height elementor-hidden-desktop elementor-section-content-middle elementor-section-height-default elementor-section-items-middle\" data-id=\"c616564\" data-element_type=\"section\" data-e-type=\"section\" data-settings=\"{&quot;background_background&quot;:&quot;classic&quot;}\">\n\t\t\t\t\t\t\t<div class=\"elementor-background-overlay\"><\/div>\n\t\t\t\t\t\t\t<div class=\"elementor-container elementor-column-gap-no\">\n\t\t\t\t\t<div class=\"elementor-column elementor-col-100 elementor-top-column elementor-element elementor-element-e9e5f6f\" data-id=\"e9e5f6f\" data-element_type=\"column\" data-e-type=\"column\">\n\t\t\t<div class=\"elementor-widget-wrap elementor-element-populated\">\n\t\t\t\t\t\t<div class=\"elementor-element elementor-element-e83e117 elementor-widget elementor-widget-text-editor\" data-id=\"e83e117\" data-element_type=\"widget\" data-e-type=\"widget\" data-widget_type=\"text-editor.default\">\n\t\t\t\t\t\t\t\t\t<p><span style=\"color: #955993;\">A<\/span> <span style=\"color: #ffad33;\">Animalia Farma<\/span> <span style=\"color: #955993;\">\u00e9 uma<\/span><br \/><span style=\"color: #955993;\">farm\u00e1cia de manipula\u00e7\u00e3o<\/span><br \/><span style=\"color: #955993;\">veterin\u00e1ria que tem a<\/span><br \/><span style=\"color: #955993;\">preocupa\u00e7\u00e3o de assegurar<\/span><br \/><span style=\"color: #955993;\">a qualidade de seus produtos<\/span><br \/><span style=\"color: #955993;\">e o bem-estar do seu pet.<\/span><\/p>\t\t\t\t\t\t\t\t<\/div>\n\t\t\t\t<div class=\"elementor-element elementor-element-b8732b7 elementor-widget-tablet__width-initial elementor-widget elementor-widget-video\" data-id=\"b8732b7\" data-element_type=\"widget\" data-e-type=\"widget\" data-settings=\"{&quot;video_type&quot;:&quot;hosted&quot;,&quot;controls&quot;:&quot;yes&quot;}\" data-widget_type=\"video.default\">\n\t\t\t\t\t\t\t<div class=\"e-hosted-video elementor-wrapper elementor-open-inline\">\n\t\t\t\t\t<video class=\"elementor-video\" src=\"https:\/\/animaliafarma.com.br\/br\/wp-content\/uploads\/2025\/01\/Animalia-Institucional.mp4\" controls=\"\" preload=\"metadata\" controlsList=\"nodownload\"><\/video>\n\t\t\t\t<\/div>\n\t\t\t\t\t\t<\/div>\n\t\t\t\t\t<\/div>\n\t\t<\/div>\n\t\t\t\t\t<\/div>\n\t\t<\/section>\n\t\t\t\t<section class=\"elementor-section elementor-top-section elementor-element elementor-element-ad337ba elementor-section-height-min-height elementor-hidden-tablet elementor-hidden-mobile elementor-section-boxed elementor-section-height-default elementor-section-items-middle\" data-id=\"ad337ba\" data-element_type=\"section\" data-e-type=\"section\" data-settings=\"{&quot;background_background&quot;:&quot;classic&quot;}\">\n\t\t\t\t\t\t\t<div class=\"elementor-background-overlay\"><\/div>\n\t\t\t\t\t\t\t<div class=\"elementor-container elementor-column-gap-default\">\n\t\t\t\t\t<div class=\"elementor-column elementor-col-100 elementor-top-column elementor-element elementor-element-e439402\" data-id=\"e439402\" data-element_type=\"column\" data-e-type=\"column\">\n\t\t\t<div class=\"elementor-widget-wrap elementor-element-populated\">\n\t\t\t\t\t\t<div class=\"elementor-element elementor-element-50d6199 elementor-widget elementor-widget-text-editor\" data-id=\"50d6199\" data-element_type=\"widget\" data-e-type=\"widget\" data-widget_type=\"text-editor.default\">\n\t\t\t\t\t\t\t\t\t<p><span style=\"color: #955993;\">A<\/span> <span style=\"color: #ffad33;\">Animalia Farma<\/span> <span style=\"color: #955993;\">\u00e9 uma <\/span><span style=\"color: #955993;\">farm\u00e1cia de manipula\u00e7\u00e3o<\/span><br \/><span style=\"color: #955993;\">veterin\u00e1ria que tem a <\/span><span style=\"color: #955993;\">preocupa\u00e7\u00e3o de assegurar<\/span><br \/><span style=\"color: #955993;\">a qualidade de seus produtos <\/span><span style=\"color: #955993;\">e o bem-estar do seu pet.<\/span><\/p>\t\t\t\t\t\t\t\t<\/div>\n\t\t\t\t<div class=\"elementor-element elementor-element-cecaf93 elementor-widget__width-initial elementor-widget elementor-widget-video\" data-id=\"cecaf93\" data-element_type=\"widget\" data-e-type=\"widget\" data-settings=\"{&quot;video_type&quot;:&quot;hosted&quot;,&quot;controls&quot;:&quot;yes&quot;}\" data-widget_type=\"video.default\">\n\t\t\t\t\t\t\t<div class=\"e-hosted-video elementor-wrapper elementor-open-inline\">\n\t\t\t\t\t<video class=\"elementor-video\" src=\"https:\/\/animaliafarma.com.br\/br\/wp-content\/uploads\/2025\/01\/Animalia-Institucional.mp4\" controls=\"\" preload=\"metadata\" controlsList=\"nodownload\"><\/video>\n\t\t\t\t<\/div>\n\t\t\t\t\t\t<\/div>\n\t\t\t\t\t<\/div>\n\t\t<\/div>\n\t\t\t\t\t<\/div>\n\t\t<\/section>\n\t\t\t\t<section class=\"elementor-section elementor-top-section elementor-element elementor-element-113f18c elementor-section-height-min-height elementor-section-boxed elementor-section-height-default elementor-section-items-middle\" data-id=\"113f18c\" data-element_type=\"section\" data-e-type=\"section\">\n\t\t\t\t\t\t<div class=\"elementor-container elementor-column-gap-default\">\n\t\t\t\t\t<div class=\"elementor-column elementor-col-100 elementor-top-column elementor-element elementor-element-2f653da\" data-id=\"2f653da\" data-element_type=\"column\" data-e-type=\"column\">\n\t\t\t<div class=\"elementor-widget-wrap elementor-element-populated\">\n\t\t\t\t\t\t<section class=\"elementor-section elementor-inner-section elementor-element elementor-element-2a6aea0 elementor-section-full_width elementor-section-height-default elementor-section-height-default\" data-id=\"2a6aea0\" data-element_type=\"section\" data-e-type=\"section\">\n\t\t\t\t\t\t<div class=\"elementor-container elementor-column-gap-default\">\n\t\t\t\t\t<div class=\"elementor-column elementor-col-25 elementor-inner-column elementor-element elementor-element-f9dc59c\" data-id=\"f9dc59c\" data-element_type=\"column\" data-e-type=\"column\">\n\t\t\t<div class=\"elementor-widget-wrap elementor-element-populated\">\n\t\t\t\t\t\t<div class=\"elementor-element elementor-element-05d3e55 elementor-widget elementor-widget-image\" data-id=\"05d3e55\" data-element_type=\"widget\" data-e-type=\"widget\" data-widget_type=\"image.default\">\n\t\t\t\t\t\t\t\t\t\t\t\t\t\t\t\t<a href=\"https:\/\/animaliafarma.com.br\/aplicativo\" target=\"_blank\">\n\t\t\t\t\t\t\t<img fetchpriority=\"high\" decoding=\"async\" width=\"500\" height=\"500\" src=\"https:\/\/animaliafarma.com.br\/br\/wp-content\/uploads\/2021\/09\/1-removebg-preview.png\" class=\"attachment-large size-large wp-image-1417\" alt=\"\" srcset=\"https:\/\/animaliafarma.com.br\/br\/wp-content\/uploads\/2021\/09\/1-removebg-preview.png 500w, https:\/\/animaliafarma.com.br\/br\/wp-content\/uploads\/2021\/09\/1-removebg-preview-300x300.png 300w, https:\/\/animaliafarma.com.br\/br\/wp-content\/uploads\/2021\/09\/1-removebg-preview-150x150.png 150w\" sizes=\"(max-width: 500px) 100vw, 500px\" \/>\t\t\t\t\t\t\t\t<\/a>\n\t\t\t\t\t\t\t\t\t\t\t\t\t\t\t<\/div>\n\t\t\t\t\t<\/div>\n\t\t<\/div>\n\t\t\t\t<div class=\"elementor-column elementor-col-25 elementor-inner-column elementor-element elementor-element-729d717\" data-id=\"729d717\" data-element_type=\"column\" data-e-type=\"column\">\n\t\t\t<div class=\"elementor-widget-wrap elementor-element-populated\">\n\t\t\t\t\t\t<div class=\"elementor-element elementor-element-9a17dce elementor-widget elementor-widget-image\" data-id=\"9a17dce\" data-element_type=\"widget\" data-e-type=\"widget\" data-widget_type=\"image.default\">\n\t\t\t\t\t\t\t\t\t\t\t\t\t\t\t\t<a href=\"#elementor-action%3Aaction%3Dpopup%3Aopen%26settings%3DeyJpZCI6IjI0MTUiLCJ0b2dnbGUiOmZhbHNlfQ%3D%3D\">\n\t\t\t\t\t\t\t<img decoding=\"async\" width=\"500\" height=\"500\" src=\"https:\/\/animaliafarma.com.br\/br\/wp-content\/uploads\/2021\/09\/2-removebg-preview.png\" class=\"attachment-large size-large wp-image-1416\" alt=\"\" srcset=\"https:\/\/animaliafarma.com.br\/br\/wp-content\/uploads\/2021\/09\/2-removebg-preview.png 500w, https:\/\/animaliafarma.com.br\/br\/wp-content\/uploads\/2021\/09\/2-removebg-preview-300x300.png 300w, https:\/\/animaliafarma.com.br\/br\/wp-content\/uploads\/2021\/09\/2-removebg-preview-150x150.png 150w\" sizes=\"(max-width: 500px) 100vw, 500px\" \/>\t\t\t\t\t\t\t\t<\/a>\n\t\t\t\t\t\t\t\t\t\t\t\t\t\t\t<\/div>\n\t\t\t\t\t<\/div>\n\t\t<\/div>\n\t\t\t\t<div class=\"elementor-column elementor-col-25 elementor-inner-column elementor-element elementor-element-1670f94\" data-id=\"1670f94\" data-element_type=\"column\" data-e-type=\"column\">\n\t\t\t<div class=\"elementor-widget-wrap elementor-element-populated\">\n\t\t\t\t\t\t<div class=\"elementor-element elementor-element-3a6d081 elementor-widget elementor-widget-image\" data-id=\"3a6d081\" data-element_type=\"widget\" data-e-type=\"widget\" data-widget_type=\"image.default\">\n\t\t\t\t\t\t\t\t\t\t\t\t\t\t\t\t<a href=\"http:\/\/animaliafarma.com.br\/posts\" target=\"_blank\">\n\t\t\t\t\t\t\t<img decoding=\"async\" width=\"500\" height=\"500\" src=\"https:\/\/animaliafarma.com.br\/br\/wp-content\/uploads\/2021\/09\/3-removebg-preview-1.png\" class=\"attachment-large size-large wp-image-1415\" alt=\"\" srcset=\"https:\/\/animaliafarma.com.br\/br\/wp-content\/uploads\/2021\/09\/3-removebg-preview-1.png 500w, https:\/\/animaliafarma.com.br\/br\/wp-content\/uploads\/2021\/09\/3-removebg-preview-1-300x300.png 300w, https:\/\/animaliafarma.com.br\/br\/wp-content\/uploads\/2021\/09\/3-removebg-preview-1-150x150.png 150w\" sizes=\"(max-width: 500px) 100vw, 500px\" \/>\t\t\t\t\t\t\t\t<\/a>\n\t\t\t\t\t\t\t\t\t\t\t\t\t\t\t<\/div>\n\t\t\t\t\t<\/div>\n\t\t<\/div>\n\t\t\t\t<div class=\"elementor-column elementor-col-25 elementor-inner-column elementor-element elementor-element-942a0f1\" data-id=\"942a0f1\" data-element_type=\"column\" data-e-type=\"column\">\n\t\t\t<div class=\"elementor-widget-wrap elementor-element-populated\">\n\t\t\t\t\t\t<div class=\"elementor-element elementor-element-977ca4e elementor-widget elementor-widget-image\" data-id=\"977ca4e\" data-element_type=\"widget\" data-e-type=\"widget\" data-widget_type=\"image.default\">\n\t\t\t\t\t\t\t\t\t\t\t\t\t\t\t\t<a href=\"https:\/\/animaliafarma.com.br\/br\/trabalhe-conosco\" target=\"_blank\">\n\t\t\t\t\t\t\t<img loading=\"lazy\" decoding=\"async\" width=\"500\" height=\"500\" src=\"https:\/\/animaliafarma.com.br\/br\/wp-content\/uploads\/2023\/08\/Prancheta-1-ANIMALIA-2.png\" class=\"attachment-large size-large wp-image-2548\" alt=\"\" srcset=\"https:\/\/animaliafarma.com.br\/br\/wp-content\/uploads\/2023\/08\/Prancheta-1-ANIMALIA-2.png 500w, https:\/\/animaliafarma.com.br\/br\/wp-content\/uploads\/2023\/08\/Prancheta-1-ANIMALIA-2-300x300.png 300w, https:\/\/animaliafarma.com.br\/br\/wp-content\/uploads\/2023\/08\/Prancheta-1-ANIMALIA-2-150x150.png 150w, https:\/\/animaliafarma.com.br\/br\/wp-content\/uploads\/2023\/08\/Prancheta-1-ANIMALIA-2-100x100.png 100w\" sizes=\"(max-width: 500px) 100vw, 500px\" \/>\t\t\t\t\t\t\t\t<\/a>\n\t\t\t\t\t\t\t\t\t\t\t\t\t\t\t<\/div>\n\t\t\t\t\t<\/div>\n\t\t<\/div>\n\t\t\t\t\t<\/div>\n\t\t<\/section>\n\t\t\t\t\t<\/div>\n\t\t<\/div>\n\t\t\t\t\t<\/div>\n\t\t<\/section>\n\t\t\t\t<\/div>\n\t\t","protected":false},"excerpt":{"rendered":"<p>A Animalia Farma \u00e9 umafarm\u00e1cia de manipula\u00e7\u00e3oveterin\u00e1ria que tem apreocupa\u00e7\u00e3o de assegurara qualidade de seus produtose o bem-estar do seu pet. https:\/\/animaliafarma.com.br\/br\/wp-content\/uploads\/2025\/01\/Animalia-Institucional.mp4 A Animalia Farma \u00e9 uma farm\u00e1cia de manipula\u00e7\u00e3oveterin\u00e1ria que tem a preocupa\u00e7\u00e3o de assegurara qualidade de seus produtos e o bem-estar do seu pet. https:\/\/animaliafarma.com.br\/br\/wp-content\/uploads\/2025\/01\/Animalia-Institucional.mp4<\/p>\n","protected":false},"author":1,"featured_media":0,"parent":0,"menu_order":0,"comment_status":"closed","ping_status":"closed","template":"elementor_header_footer","meta":{"footnotes":""},"class_list":["post-7","page","type-page","status-publish","hentry"],"_links":{"self":[{"href":"https:\/\/animaliafarma.com.br\/br\/wp-json\/wp\/v2\/pages\/7","targetHints":{"allow":["GET"]}}],"collection":[{"href":"https:\/\/animaliafarma.com.br\/br\/wp-json\/wp\/v2\/pages"}],"about":[{"href":"https:\/\/animaliafarma.com.br\/br\/wp-json\/wp\/v2\/types\/page"}],"author":[{"embeddable":true,"href":"https:\/\/animaliafarma.com.br\/br\/wp-json\/wp\/v2\/users\/1"}],"replies":[{"embeddable":true,"href":"https:\/\/animaliafarma.com.br\/br\/wp-json\/wp\/v2\/comments?post=7"}],"version-history":[{"count":177,"href":"https:\/\/animaliafarma.com.br\/br\/wp-json\/wp\/v2\/pages\/7\/revisions"}],"predecessor-version":[{"id":2936,"href":"https:\/\/animaliafarma.com.br\/br\/wp-json\/wp\/v2\/pages\/7\/revisions\/2936"}],"wp:attachment":[{"href":"https:\/\/animaliafarma.com.br\/br\/wp-json\/wp\/v2\/media?parent=7"}],"curies":[{"name":"wp","href":"https:\/\/api.w.org\/{rel}","templated":true}]}}